{"id":605,"date":"2023-01-20T17:30:29","date_gmt":"2023-01-20T17:30:29","guid":{"rendered":"https:\/\/www.logisdescordeliers.com\/home\/"},"modified":"2024-10-17T11:53:59","modified_gmt":"2024-10-17T11:53:59","slug":"home","status":"publish","type":"page","link":"https:\/\/www.logisdescordeliers.com\/en\/","title":{"rendered":"Home"},"content":{"rendered":"<div class=\"wpb-content-wrapper\"><p>[vc_row css=&#8221;.vc_custom_1683629068266{margin-top: -40px !important;margin-right: -50px !important;margin-left: -50px !important;}&#8221; woodmart_css_id=&#8221;645a23fac28f2&#8243; responsive_spacing=&#8221;eyJwYXJhbV90eXBlIjoid29vZG1hcnRfcmVzcG9uc2l2ZV9zcGFjaW5nIiwic2VsZWN0b3JfaWQiOiI2NDVhMjNmYWMyOGYyIiwic2hvcnRjb2RlIjoidmNfcm93IiwiZGF0YSI6eyJ0YWJsZXQiOnt9LCJtb2JpbGUiOnt9fX0=&#8221; mobile_bg_img_hidden=&#8221;no&#8221; tablet_bg_img_hidden=&#8221;no&#8221; woodmart_parallax=&#8221;0&#8243; woodmart_gradient_switch=&#8221;no&#8221; woodmart_box_shadow=&#8221;no&#8221; wd_z_index=&#8221;no&#8221; woodmart_disable_overflow=&#8221;0&#8243; row_reverse_mobile=&#8221;0&#8243; row_reverse_tablet=&#8221;0&#8243;][vc_column][vc_single_image image=&#8221;427&#8243; img_size=&#8221;full&#8221; parallax_scroll=&#8221;no&#8221; woodmart_inline=&#8221;no&#8221;][\/vc_column][\/vc_row][vc_row][vc_column width=&#8221;1\/6&#8243;][\/vc_column][vc_column width=&#8221;2\/3&#8243;][vc_column_text woodmart_inline=&#8221;no&#8221; text_larger=&#8221;no&#8221;]<\/p>\n<h1 style=\"text-align: center;\">Le Logis des Cordeliers, <strong>2-star hotel in Condom<\/strong> (Gers)<\/h1>\n<p>[\/vc_column_text][\/vc_column][vc_column width=&#8221;1\/6&#8243;][\/vc_column][\/vc_row][vc_row woodmart_css_id=&#8221;63f685e7500ad&#8221; responsive_spacing=&#8221;eyJwYXJhbV90eXBlIjoid29vZG1hcnRfcmVzcG9uc2l2ZV9zcGFjaW5nIiwic2VsZWN0b3JfaWQiOiI2M2Y2ODVlNzUwMGFkIiwic2hvcnRjb2RlIjoidmNfcm93IiwiZGF0YSI6eyJ0YWJsZXQiOnt9LCJtb2JpbGUiOnt9fX0=&#8221; mobile_bg_img_hidden=&#8221;no&#8221; tablet_bg_img_hidden=&#8221;no&#8221; woodmart_parallax=&#8221;0&#8243; woodmart_gradient_switch=&#8221;no&#8221; woodmart_box_shadow=&#8221;no&#8221; wd_z_index=&#8221;no&#8221; woodmart_disable_overflow=&#8221;0&#8243; row_reverse_mobile=&#8221;0&#8243; row_reverse_tablet=&#8221;0&#8243;][vc_column width=&#8221;1\/3&#8243;][vc_single_image image=&#8221;429&#8243; img_size=&#8221;large&#8221; style=&#8221;vc_box_rounded&#8221; parallax_scroll=&#8221;no&#8221; woodmart_inline=&#8221;no&#8221;][\/vc_column][vc_column width=&#8221;1\/3&#8243;][vc_single_image image=&#8221;435&#8243; img_size=&#8221;large&#8221; style=&#8221;vc_box_rounded&#8221; parallax_scroll=&#8221;no&#8221; woodmart_inline=&#8221;no&#8221;][\/vc_column][vc_column width=&#8221;1\/3&#8243;][vc_single_image image=&#8221;433&#8243; img_size=&#8221;large&#8221; style=&#8221;vc_box_rounded&#8221; parallax_scroll=&#8221;no&#8221; woodmart_inline=&#8221;no&#8221;][\/vc_column][\/vc_row][vc_row][vc_column width=&#8221;1\/6&#8243;][\/vc_column][vc_column width=&#8221;2\/3&#8243;][vc_column_text woodmart_inline=&#8221;no&#8221; text_larger=&#8221;no&#8221;]<\/p>\n<p style=\"text-align: center;\">The Logis des Cordeliers, 2 star hotel in Condom Gers, welcomes you for your stay in the city center. 21 rooms with private bathroom, a large swiming pool, free wifi access.<\/p>\n<p>[\/vc_column_text][\/vc_column][vc_column width=&#8221;1\/6&#8243;][\/vc_column][\/vc_row][vc_row full_width=&#8221;stretch_row&#8221; disable_element=&#8221;yes&#8221; css=&#8221;.vc_custom_1678818916477{margin-bottom: 80px !important;padding-top: 50px !important;padding-bottom: 30px !important;background-color: #f9f9f9 !important;}&#8221; woodmart_css_id=&#8221;6410be5a386d3&#8243; responsive_spacing=&#8221;eyJwYXJhbV90eXBlIjoid29vZG1hcnRfcmVzcG9uc2l2ZV9zcGFjaW5nIiwic2VsZWN0b3JfaWQiOiI2NDEwYmU1YTM4NmQzIiwic2hvcnRjb2RlIjoidmNfcm93IiwiZGF0YSI6eyJ0YWJsZXQiOnsibWFyZ2luLWJvdHRvbSI6IjYwcHgiLCJwYWRkaW5nLXRvcCI6IjYwcHgiLCJwYWRkaW5nLWJvdHRvbSI6IjQwcHgifSwibW9iaWxlIjp7fX19&#8243; mobile_bg_img_hidden=&#8221;no&#8221; tablet_bg_img_hidden=&#8221;no&#8221; woodmart_parallax=&#8221;0&#8243; woodmart_gradient_switch=&#8221;no&#8221; woodmart_box_shadow=&#8221;no&#8221; wd_z_index=&#8221;no&#8221; woodmart_disable_overflow=&#8221;0&#8243; row_reverse_mobile=&#8221;0&#8243; row_reverse_tablet=&#8221;0&#8243; el_id=&#8221;temoignages&#8221;][vc_column css=&#8221;.vc_custom_1475586737780{margin-bottom: 0px !important;padding-top: 0px !important;}&#8221;]\t\t\t<link rel=\"stylesheet\" id=\"wd-section-title-css\" href=\"https:\/\/www.logisdescordeliers.com\/wp-content\/themes\/woodmart\/css\/parts\/el-section-title.min.css?ver=7.0.4\" type=\"text\/css\" media=\"all\" \/> \t\t\t\t\t\t<link rel=\"stylesheet\" id=\"wd-mod-highlighted-text-css\" href=\"https:\/\/www.logisdescordeliers.com\/wp-content\/themes\/woodmart\/css\/parts\/mod-highlighted-text.min.css?ver=7.0.4\" type=\"text\/css\" media=\"all\" \/> \t\t\t\n\t\t<div id=\"wd-640dd0381def6\" class=\"title-wrapper wd-wpb set-mb-s reset-last-child  wd-rs-640dd0381def6 wd-title-color-primary wd-title-style-underlined text-center  wd-underline-colored\">\n\t\t\t\n\t\t\t<div class=\"liner-continer\">\n\t\t\t\t<h3 class=\"woodmart-title-container title  wd-font-weight- wd-fontsize-xl\" >T\u00e9moignages<\/h3>\n\t\t\t\t\t\t\t<\/div>\n\t\t\t\n\t\t\t\n\t\t\t\n\t\t<\/div>\n\t\t\n\t\t\t\t\t<link rel=\"stylesheet\" id=\"wd-owl-carousel-css\" href=\"https:\/\/www.logisdescordeliers.com\/wp-content\/themes\/woodmart\/css\/parts\/lib-owl-carousel.min.css?ver=7.0.4\" type=\"text\/css\" media=\"all\" \/> \t\t\t\t\t\t\n\t\t\t<div id=\"wd-63cb1720dba3b\" class=\"testimonials testimonials-wrapper testimonials-slider testimon-style-boxed color-scheme-  testimon-align-left  wd-carousel-container wd-carousel-spacing-30\" data-owl-carousel data-wrap=\"no\" data-hide_pagination_control=\"no\" data-hide_prev_next_buttons=\"no\" data-desktop=\"3\" data-tablet_landscape=\"3\" data-tablet=\"2\" data-mobile=\"1\">\n\t\t\t\t<div class=\" owl-carousel owl-items-lg-3 owl-items-md-3 owl-items-sm-2 owl-items-xs-1\" >\n\t\t\t\t\t\t\t\t<link rel=\"stylesheet\" id=\"wd-testimonial-old-css\" href=\"https:\/\/www.logisdescordeliers.com\/wp-content\/themes\/woodmart\/css\/parts\/el-testimonial-old.min.css?ver=7.0.4\" type=\"text\/css\" media=\"all\" \/> \t\t\t\n<div class=\"testimonial column \">\n\t<div class=\"testimonial-inner\">\n\t\t\n\t\t<div class=\"testimonial-content\">\n\t\t\t<div class=\"testimonial-rating\">\n\t\t\t\t<span class=\"star-rating\">\n\t\t\t\t\t<span style=\"width:100%\"><\/span>\n\t\t\t\t<\/span>\n\t\t\t<\/div>\n\n\t\t\tTempor etiam dignissim fermentum quis suspendisse consectetur diam imperdiet dapibus senectus mattis etiam velit pharetra nunc natoque accumsan morbi nunc.\n\t\t\t<footer>\n\t\t\t\tSarah Connor\n\t\t\t\t\t\t\t\t\t<span>\n\t\t\t\t\t\tGoogle Inc.\t\t\t\t\t<\/span>\n\t\t\t\t\t\t\t<\/footer>\n\t\t<\/div>\n\t<\/div>\n<\/div>\n<div class=\"testimonial column \">\n\t<div class=\"testimonial-inner\">\n\t\t\n\t\t<div class=\"testimonial-content\">\n\t\t\t<div class=\"testimonial-rating\">\n\t\t\t\t<span class=\"star-rating\">\n\t\t\t\t\t<span style=\"width:100%\"><\/span>\n\t\t\t\t<\/span>\n\t\t\t<\/div>\n\n\t\t\tTempor etiam dignissim fermentum quis suspendisse consectetur diam imperdiet dapibus senectus mattis etiam velit pharetra nunc natoque accumsan morbi nunc.\n\t\t\t<footer>\n\t\t\t\tSarah Connor\n\t\t\t\t\t\t\t\t\t<span>\n\t\t\t\t\t\tGoogle Inc.\t\t\t\t\t<\/span>\n\t\t\t\t\t\t\t<\/footer>\n\t\t<\/div>\n\t<\/div>\n<\/div>\n<div class=\"testimonial column \">\n\t<div class=\"testimonial-inner\">\n\t\t\n\t\t<div class=\"testimonial-content\">\n\t\t\t<div class=\"testimonial-rating\">\n\t\t\t\t<span class=\"star-rating\">\n\t\t\t\t\t<span style=\"width:100%\"><\/span>\n\t\t\t\t<\/span>\n\t\t\t<\/div>\n\n\t\t\tTempor etiam dignissim fermentum quis suspendisse consectetur diam imperdiet dapibus senectus mattis etiam velit pharetra nunc natoque accumsan morbi nunc.\n\t\t\t<footer>\n\t\t\t\tSarah Connor\n\t\t\t\t\t\t\t\t\t<span>\n\t\t\t\t\t\tGoogle Inc.\t\t\t\t\t<\/span>\n\t\t\t\t\t\t\t<\/footer>\n\t\t<\/div>\n\t<\/div>\n<\/div>\t\t\t\t<\/div>\n\t\t\t<\/div>\n\t\t[\/vc_column][\/vc_row][vc_row css=&#8221;.vc_custom_1683632557576{margin-right: -35px !important;margin-left: -35px !important;background-color: #6b4031 !important;}&#8221; woodmart_css_id=&#8221;645a31a64e5f8&#8243; responsive_spacing=&#8221;eyJwYXJhbV90eXBlIjoid29vZG1hcnRfcmVzcG9uc2l2ZV9zcGFjaW5nIiwic2VsZWN0b3JfaWQiOiI2NDVhMzFhNjRlNWY4Iiwic2hvcnRjb2RlIjoidmNfcm93IiwiZGF0YSI6eyJ0YWJsZXQiOnt9LCJtb2JpbGUiOnt9fX0=&#8221; mobile_bg_img_hidden=&#8221;no&#8221; tablet_bg_img_hidden=&#8221;no&#8221; woodmart_parallax=&#8221;0&#8243; woodmart_gradient_switch=&#8221;no&#8221; woodmart_box_shadow=&#8221;no&#8221; wd_z_index=&#8221;no&#8221; woodmart_disable_overflow=&#8221;0&#8243; row_reverse_mobile=&#8221;0&#8243; row_reverse_tablet=&#8221;0&#8243;][vc_column]<div id=\"wd-6477815104ea0\" class=\" wd-rs-6477815104ea0 vc_custom_1685553495409 wd-button-wrapper woodmart-button-wrapper text-center\"><a href=\"https:\/\/www.logisdescordeliers.com\/en\/bookings-rates\/\" title=\"Booking &amp; rates\" class=\"btn btn-color-primary btn-style-default btn-style-semi-round btn-size-default\">Bookings &amp; rates<\/a><\/div>[\/vc_column][\/vc_row][vc_row css=&#8221;.vc_custom_1683632444687{margin-right: -50px !important;margin-left: -50px !important;}&#8221; woodmart_css_id=&#8221;645a31328cc18&#8243; responsive_spacing=&#8221;eyJwYXJhbV90eXBlIjoid29vZG1hcnRfcmVzcG9uc2l2ZV9zcGFjaW5nIiwic2VsZWN0b3JfaWQiOiI2NDVhMzEzMjhjYzE4Iiwic2hvcnRjb2RlIjoidmNfcm93IiwiZGF0YSI6eyJ0YWJsZXQiOnt9LCJtb2JpbGUiOnt9fX0=&#8221; mobile_bg_img_hidden=&#8221;no&#8221; tablet_bg_img_hidden=&#8221;no&#8221; woodmart_parallax=&#8221;0&#8243; woodmart_gradient_switch=&#8221;no&#8221; woodmart_box_shadow=&#8221;no&#8221; wd_z_index=&#8221;no&#8221; woodmart_disable_overflow=&#8221;0&#8243; row_reverse_mobile=&#8221;0&#8243; row_reverse_tablet=&#8221;0&#8243;][vc_column][vc_raw_html css=&#8221;.vc_custom_1685567361324{margin-top: -35px !important;}&#8221;]PGlmcmFtZSBzcmM9Imh0dHBzOi8vd3d3Lmdvb2dsZS5jb20vbWFwcy9lbWJlZD9wYj0hMW0xNCExbTghMW0zITFkMTE0ODguODc1MjMyODg5MDUxITJkMC4zNzM3NzAzITNkNDMuOTU0ODM4NiEzbTIhMWkxMDI0ITJpNzY4ITRmMTMuMSEzbTMhMW0yITFzMHgxMmFhM2NhN2E5NjBjNDE1JTNBMHhiMzk5ODkwZTE4YzRhYTU3ITJzSCVDMyVCNHRlbCUyMExlJTIwTG9naXMlMjBkZXMlMjBDb3JkZWxpZXJzITVlMCEzbTIhMXNmciEyc2ZyITR2MTY4MzYzMTg4MDIyNyE1bTIhMXNmciEyc2ZyIiB3aWR0aD0iMTAwJSIgaGVpZ2h0PSI1MDAiIHN0eWxlPSJib3JkZXI6MDsiIGFsbG93ZnVsbHNjcmVlbj0iIiBsb2FkaW5nPSJsYXp5IiByZWZlcnJlcnBvbGljeT0ibm8tcmVmZXJyZXItd2hlbi1kb3duZ3JhZGUiPjwvaWZyYW1lPg==[\/vc_raw_html][\/vc_column][\/vc_row]<\/p>\n<\/div>","protected":false},"excerpt":{"rendered":"<p>[vc_row css=&#8221;.vc_custom_1683629068266{margin-top: -40px !important;margin-right: -50px !important;margin-left: -50px !important;}&#8221; woodmart_css_id=&#8221;645a23fac28f2&#8243; responsive_spacing=&#8221;eyJwYXJhbV90eXBlIjoid29vZG1hcnRfcmVzcG9uc2l2ZV9zcGFjaW5nIiwic2VsZWN0b3JfaWQiOiI2NDVhMjNmYWMyOGYyIiwic2hvcnRjb2RlIjoidmNfcm93IiwiZGF0YSI6eyJ0YWJsZXQiOnt9LCJtb2JpbGUiOnt9fX0=&#8221; mobile_bg_img_hidden=&#8221;no&#8221; tablet_bg_img_hidden=&#8221;no&#8221; woodmart_parallax=&#8221;0&#8243; woodmart_gradient_switch=&#8221;no&#8221; woodmart_box_shadow=&#8221;no&#8221; wd_z_index=&#8221;no&#8221; woodmart_disable_overflow=&#8221;0&#8243; row_reverse_mobile=&#8221;0&#8243; row_reverse_tablet=&#8221;0&#8243;][vc_column][vc_single_image image=&#8221;427&#8243;<\/p>\n","protected":false},"author":1,"featured_media":0,"parent":0,"menu_order":0,"comment_status":"closed","ping_status":"closed","template":"","meta":{"footnotes":""},"class_list":["post-605","page","type-page","status-publish","hentry"],"acf":[],"yoast_head":"<!-- This site is optimized with the Yoast SEO plugin v23.6 - https:\/\/yoast.com\/wordpress\/plugins\/seo\/ -->\n<title>Logis des Cordeliers - 2 star hotel in Condom Gers<\/title>\n<meta name=\"description\" content=\"2 star hotel in Condom Gers 32. 2 star hotel in Condom Gers 32 with swiming pool. Cheap hotel in Condom.\" \/>\n<meta name=\"robots\" content=\"index, follow, max-snippet:-1, max-image-preview:large, max-video-preview:-1\" \/>\n<link rel=\"canonical\" href=\"https:\/\/www.logisdescordeliers.com\/en\/\" \/>\n<meta property=\"og:locale\" content=\"en_US\" \/>\n<meta property=\"og:type\" content=\"article\" \/>\n<meta property=\"og:title\" content=\"Logis des Cordeliers - 2 star hotel in Condom Gers\" \/>\n<meta property=\"og:description\" content=\"2 star hotel in Condom Gers 32. 2 star hotel in Condom Gers 32 with swiming pool. Cheap hotel in Condom.\" \/>\n<meta property=\"og:url\" content=\"https:\/\/www.logisdescordeliers.com\/en\/\" \/>\n<meta property=\"og:site_name\" content=\"Le logis des cordeliers\" \/>\n<meta property=\"article:modified_time\" content=\"2024-10-17T11:53:59+00:00\" \/>\n<meta name=\"twitter:card\" content=\"summary_large_image\" \/>\n<script type=\"application\/ld+json\" class=\"yoast-schema-graph\">{\"@context\":\"https:\/\/schema.org\",\"@graph\":[{\"@type\":\"WebPage\",\"@id\":\"https:\/\/www.logisdescordeliers.com\/en\/\",\"url\":\"https:\/\/www.logisdescordeliers.com\/en\/\",\"name\":\"Logis des Cordeliers - 2 star hotel in Condom Gers\",\"isPartOf\":{\"@id\":\"https:\/\/www.logisdescordeliers.com\/en\/#website\"},\"datePublished\":\"2023-01-20T17:30:29+00:00\",\"dateModified\":\"2024-10-17T11:53:59+00:00\",\"description\":\"2 star hotel in Condom Gers 32. 2 star hotel in Condom Gers 32 with swiming pool. Cheap hotel in Condom.\",\"breadcrumb\":{\"@id\":\"https:\/\/www.logisdescordeliers.com\/en\/#breadcrumb\"},\"inLanguage\":\"en-US\",\"potentialAction\":[{\"@type\":\"ReadAction\",\"target\":[\"https:\/\/www.logisdescordeliers.com\/en\/\"]}]},{\"@type\":\"BreadcrumbList\",\"@id\":\"https:\/\/www.logisdescordeliers.com\/en\/#breadcrumb\",\"itemListElement\":[{\"@type\":\"ListItem\",\"position\":1,\"name\":\"Accueil\",\"item\":\"https:\/\/www.logisdescordeliers.com\/en\/home\/\"},{\"@type\":\"ListItem\",\"position\":2,\"name\":\"Home\"}]},{\"@type\":\"WebSite\",\"@id\":\"https:\/\/www.logisdescordeliers.com\/en\/#website\",\"url\":\"https:\/\/www.logisdescordeliers.com\/en\/\",\"name\":\"AMOVY - A.M.O et Relation clients\",\"description\":\"H\u00f4tel 2 \u00e9toiles \u00e0 Condom\",\"publisher\":{\"@id\":\"https:\/\/www.logisdescordeliers.com\/en\/#organization\"},\"potentialAction\":[{\"@type\":\"SearchAction\",\"target\":{\"@type\":\"EntryPoint\",\"urlTemplate\":\"https:\/\/www.logisdescordeliers.com\/en\/?s={search_term_string}\"},\"query-input\":{\"@type\":\"PropertyValueSpecification\",\"valueRequired\":true,\"valueName\":\"search_term_string\"}}],\"inLanguage\":\"en-US\"},{\"@type\":\"Organization\",\"@id\":\"https:\/\/www.logisdescordeliers.com\/en\/#organization\",\"name\":\"AMOVY\",\"url\":\"https:\/\/www.logisdescordeliers.com\/en\/\",\"logo\":{\"@type\":\"ImageObject\",\"inLanguage\":\"en-US\",\"@id\":\"https:\/\/www.logisdescordeliers.com\/en\/#\/schema\/logo\/image\/\",\"url\":\"https:\/\/www.logisdescordeliers.com\/wp-content\/uploads\/2023\/01\/logo-1.png\",\"contentUrl\":\"https:\/\/www.logisdescordeliers.com\/wp-content\/uploads\/2023\/01\/logo-1.png\",\"width\":916,\"height\":276,\"caption\":\"AMOVY\"},\"image\":{\"@id\":\"https:\/\/www.logisdescordeliers.com\/en\/#\/schema\/logo\/image\/\"}}]}<\/script>\n<!-- \/ Yoast SEO plugin. -->","yoast_head_json":{"title":"Logis des Cordeliers - 2 star hotel in Condom Gers","description":"2 star hotel in Condom Gers 32. 2 star hotel in Condom Gers 32 with swiming pool. Cheap hotel in Condom.","robots":{"index":"index","follow":"follow","max-snippet":"max-snippet:-1","max-image-preview":"max-image-preview:large","max-video-preview":"max-video-preview:-1"},"canonical":"https:\/\/www.logisdescordeliers.com\/en\/","og_locale":"en_US","og_type":"article","og_title":"Logis des Cordeliers - 2 star hotel in Condom Gers","og_description":"2 star hotel in Condom Gers 32. 2 star hotel in Condom Gers 32 with swiming pool. Cheap hotel in Condom.","og_url":"https:\/\/www.logisdescordeliers.com\/en\/","og_site_name":"Le logis des cordeliers","article_modified_time":"2024-10-17T11:53:59+00:00","twitter_card":"summary_large_image","schema":{"@context":"https:\/\/schema.org","@graph":[{"@type":"WebPage","@id":"https:\/\/www.logisdescordeliers.com\/en\/","url":"https:\/\/www.logisdescordeliers.com\/en\/","name":"Logis des Cordeliers - 2 star hotel in Condom Gers","isPartOf":{"@id":"https:\/\/www.logisdescordeliers.com\/en\/#website"},"datePublished":"2023-01-20T17:30:29+00:00","dateModified":"2024-10-17T11:53:59+00:00","description":"2 star hotel in Condom Gers 32. 2 star hotel in Condom Gers 32 with swiming pool. Cheap hotel in Condom.","breadcrumb":{"@id":"https:\/\/www.logisdescordeliers.com\/en\/#breadcrumb"},"inLanguage":"en-US","potentialAction":[{"@type":"ReadAction","target":["https:\/\/www.logisdescordeliers.com\/en\/"]}]},{"@type":"BreadcrumbList","@id":"https:\/\/www.logisdescordeliers.com\/en\/#breadcrumb","itemListElement":[{"@type":"ListItem","position":1,"name":"Accueil","item":"https:\/\/www.logisdescordeliers.com\/en\/home\/"},{"@type":"ListItem","position":2,"name":"Home"}]},{"@type":"WebSite","@id":"https:\/\/www.logisdescordeliers.com\/en\/#website","url":"https:\/\/www.logisdescordeliers.com\/en\/","name":"AMOVY - A.M.O et Relation clients","description":"H\u00f4tel 2 \u00e9toiles \u00e0 Condom","publisher":{"@id":"https:\/\/www.logisdescordeliers.com\/en\/#organization"},"potentialAction":[{"@type":"SearchAction","target":{"@type":"EntryPoint","urlTemplate":"https:\/\/www.logisdescordeliers.com\/en\/?s={search_term_string}"},"query-input":{"@type":"PropertyValueSpecification","valueRequired":true,"valueName":"search_term_string"}}],"inLanguage":"en-US"},{"@type":"Organization","@id":"https:\/\/www.logisdescordeliers.com\/en\/#organization","name":"AMOVY","url":"https:\/\/www.logisdescordeliers.com\/en\/","logo":{"@type":"ImageObject","inLanguage":"en-US","@id":"https:\/\/www.logisdescordeliers.com\/en\/#\/schema\/logo\/image\/","url":"https:\/\/www.logisdescordeliers.com\/wp-content\/uploads\/2023\/01\/logo-1.png","contentUrl":"https:\/\/www.logisdescordeliers.com\/wp-content\/uploads\/2023\/01\/logo-1.png","width":916,"height":276,"caption":"AMOVY"},"image":{"@id":"https:\/\/www.logisdescordeliers.com\/en\/#\/schema\/logo\/image\/"}}]}},"_links":{"self":[{"href":"https:\/\/www.logisdescordeliers.com\/en\/wp-json\/wp\/v2\/pages\/605","targetHints":{"allow":["GET"]}}],"collection":[{"href":"https:\/\/www.logisdescordeliers.com\/en\/wp-json\/wp\/v2\/pages"}],"about":[{"href":"https:\/\/www.logisdescordeliers.com\/en\/wp-json\/wp\/v2\/types\/page"}],"author":[{"embeddable":true,"href":"https:\/\/www.logisdescordeliers.com\/en\/wp-json\/wp\/v2\/users\/1"}],"replies":[{"embeddable":true,"href":"https:\/\/www.logisdescordeliers.com\/en\/wp-json\/wp\/v2\/comments?post=605"}],"version-history":[{"count":8,"href":"https:\/\/www.logisdescordeliers.com\/en\/wp-json\/wp\/v2\/pages\/605\/revisions"}],"predecessor-version":[{"id":687,"href":"https:\/\/www.logisdescordeliers.com\/en\/wp-json\/wp\/v2\/pages\/605\/revisions\/687"}],"wp:attachment":[{"href":"https:\/\/www.logisdescordeliers.com\/en\/wp-json\/wp\/v2\/media?parent=605"}],"curies":[{"name":"wp","href":"https:\/\/api.w.org\/{rel}","templated":true}]}}