{"id":608,"date":"2023-05-01T16:56:31","date_gmt":"2023-05-01T16:56:31","guid":{"rendered":"https:\/\/www.logisdescordeliers.com\/city-of-condom\/"},"modified":"2024-10-17T13:22:31","modified_gmt":"2024-10-17T13:22:31","slug":"city-of-condom","status":"publish","type":"page","link":"https:\/\/www.logisdescordeliers.com\/en\/city-of-condom\/","title":{"rendered":"City of Condom"},"content":{"rendered":"<div class=\"wpb-content-wrapper\"><p>[vc_row css=&#8221;.vc_custom_1683629068266{margin-top: -40px !important;margin-right: -50px !important;margin-left: -50px !important;}&#8221; woodmart_css_id=&#8221;645a23fac28f2&#8243; responsive_spacing=&#8221;eyJwYXJhbV90eXBlIjoid29vZG1hcnRfcmVzcG9uc2l2ZV9zcGFjaW5nIiwic2VsZWN0b3JfaWQiOiI2NDVhMjNmYWMyOGYyIiwic2hvcnRjb2RlIjoidmNfcm93IiwiZGF0YSI6eyJ0YWJsZXQiOnt9LCJtb2JpbGUiOnt9fX0=&#8221; mobile_bg_img_hidden=&#8221;no&#8221; tablet_bg_img_hidden=&#8221;no&#8221; woodmart_parallax=&#8221;0&#8243; woodmart_gradient_switch=&#8221;no&#8221; woodmart_box_shadow=&#8221;no&#8221; wd_z_index=&#8221;no&#8221; woodmart_disable_overflow=&#8221;0&#8243; row_reverse_mobile=&#8221;0&#8243; row_reverse_tablet=&#8221;0&#8243;][vc_column][vc_single_image image=&#8221;476&#8243; img_size=&#8221;full&#8221; parallax_scroll=&#8221;no&#8221; woodmart_inline=&#8221;no&#8221;][\/vc_column][\/vc_row][vc_row css=&#8221;.vc_custom_1685525486163{padding-bottom: 50px !important;}&#8221; woodmart_css_id=&#8221;647713e99b49d&#8221; responsive_spacing=&#8221;eyJwYXJhbV90eXBlIjoid29vZG1hcnRfcmVzcG9uc2l2ZV9zcGFjaW5nIiwic2VsZWN0b3JfaWQiOiI2NDc3MTNlOTliNDlkIiwic2hvcnRjb2RlIjoidmNfcm93IiwiZGF0YSI6eyJ0YWJsZXQiOnt9LCJtb2JpbGUiOnt9fX0=&#8221; mobile_bg_img_hidden=&#8221;no&#8221; tablet_bg_img_hidden=&#8221;no&#8221; woodmart_parallax=&#8221;0&#8243; woodmart_gradient_switch=&#8221;no&#8221; woodmart_box_shadow=&#8221;no&#8221; wd_z_index=&#8221;no&#8221; woodmart_disable_overflow=&#8221;0&#8243; row_reverse_mobile=&#8221;0&#8243; row_reverse_tablet=&#8221;0&#8243;][vc_column width=&#8221;1\/6&#8243;][\/vc_column][vc_column width=&#8221;2\/3&#8243;][vc_column_text woodmart_inline=&#8221;no&#8221; text_larger=&#8221;no&#8221;]<\/p>\n<h1><strong>City of Condom<\/strong> in the Gers<\/h1>\n<p>Situated on the Ba\u00efse river between the Armagnac and Agenais region, Condom is the main town of the T\u00e9nar\u00e8ze.<\/p>\n<p>The course of the Ba\u00efse was once channeled to allow the exportation of armagnac to Bordeaux. This activity has in the past granted prosperity to the city.<\/p>\n<p>Armagnac is famous for the pilgrims of St. Jacques de Compostela. As sailors, pilgrims warmed their bodies, cured their wounds and sublimated their faith with a few sips of \u00abaygo ardente\u00bb.<\/p>\n<p>As they left the city, they took with them, going down to Spain or returning home, some remedial vials and carried all over Europe the word of salvation and medicinal armagnac.[\/vc_column_text]<div id=\"wd-647713023b3ac\" class=\" wd-rs-647713023b3ac vc_custom_1685525282913 wd-button-wrapper woodmart-button-wrapper text-center inline-element\"><a href=\"https:\/\/www.tourisme-condom.com\/\" title=\"Bookings and rates\" target=\"_blank\" class=\"btn btn-color-primary btn-style-default btn-style-semi-round btn-size-default\">Condom Tourist Office<\/a><\/div><div id=\"wd-6477137ee5400\" class=\" wd-rs-6477137ee5400 vc_custom_1685525387177 wd-button-wrapper woodmart-button-wrapper text-center inline-element\"><a href=\"https:\/\/www.tourisme-gers.com\/\" title=\"\" target=\"_blank\" class=\"btn btn-color-primary btn-style-default btn-style-semi-round btn-size-default\">Gers Tourism<\/a><\/div>[\/vc_column][vc_column width=&#8221;1\/6&#8243;][\/vc_column][\/vc_row]<\/p>\n<\/div>","protected":false},"excerpt":{"rendered":"<p>[vc_row css=&#8221;.vc_custom_1683629068266{margin-top: -40px !important;margin-right: -50px !important;margin-left: -50px !important;}&#8221; woodmart_css_id=&#8221;645a23fac28f2&#8243; responsive_spacing=&#8221;eyJwYXJhbV90eXBlIjoid29vZG1hcnRfcmVzcG9uc2l2ZV9zcGFjaW5nIiwic2VsZWN0b3JfaWQiOiI2NDVhMjNmYWMyOGYyIiwic2hvcnRjb2RlIjoidmNfcm93IiwiZGF0YSI6eyJ0YWJsZXQiOnt9LCJtb2JpbGUiOnt9fX0=&#8221; mobile_bg_img_hidden=&#8221;no&#8221; tablet_bg_img_hidden=&#8221;no&#8221; woodmart_parallax=&#8221;0&#8243; woodmart_gradient_switch=&#8221;no&#8221; woodmart_box_shadow=&#8221;no&#8221; wd_z_index=&#8221;no&#8221; woodmart_disable_overflow=&#8221;0&#8243; row_reverse_mobile=&#8221;0&#8243; row_reverse_tablet=&#8221;0&#8243;][vc_column][vc_single_image image=&#8221;476&#8243;<\/p>\n","protected":false},"author":1,"featured_media":0,"parent":0,"menu_order":0,"comment_status":"closed","ping_status":"closed","template":"","meta":{"footnotes":""},"class_list":["post-608","page","type-page","status-publish","hentry"],"acf":[],"yoast_head":"<!-- This site is optimized with the Yoast SEO plugin v23.6 - https:\/\/yoast.com\/wordpress\/plugins\/seo\/ -->\n<title>City of Condom in the Gers<\/title>\n<meta name=\"description\" content=\"City of Condom in the Gers, Gascony, France.\" \/>\n<meta name=\"robots\" content=\"index, follow, max-snippet:-1, max-image-preview:large, max-video-preview:-1\" \/>\n<link rel=\"canonical\" href=\"https:\/\/www.logisdescordeliers.com\/en\/city-of-condom\/\" \/>\n<meta property=\"og:locale\" content=\"en_US\" \/>\n<meta property=\"og:type\" content=\"article\" \/>\n<meta property=\"og:title\" content=\"City of Condom in the Gers\" \/>\n<meta property=\"og:description\" content=\"City of Condom in the Gers, Gascony, France.\" \/>\n<meta property=\"og:url\" content=\"https:\/\/www.logisdescordeliers.com\/en\/city-of-condom\/\" \/>\n<meta property=\"og:site_name\" content=\"Le logis des cordeliers\" \/>\n<meta property=\"article:modified_time\" content=\"2024-10-17T13:22:31+00:00\" \/>\n<meta name=\"twitter:card\" content=\"summary_large_image\" \/>\n<script type=\"application\/ld+json\" class=\"yoast-schema-graph\">{\"@context\":\"https:\/\/schema.org\",\"@graph\":[{\"@type\":\"WebPage\",\"@id\":\"https:\/\/www.logisdescordeliers.com\/en\/city-of-condom\/\",\"url\":\"https:\/\/www.logisdescordeliers.com\/en\/city-of-condom\/\",\"name\":\"City of Condom in the Gers\",\"isPartOf\":{\"@id\":\"https:\/\/www.logisdescordeliers.com\/en\/#website\"},\"datePublished\":\"2023-05-01T16:56:31+00:00\",\"dateModified\":\"2024-10-17T13:22:31+00:00\",\"description\":\"City of Condom in the Gers, Gascony, France.\",\"breadcrumb\":{\"@id\":\"https:\/\/www.logisdescordeliers.com\/en\/city-of-condom\/#breadcrumb\"},\"inLanguage\":\"en-US\",\"potentialAction\":[{\"@type\":\"ReadAction\",\"target\":[\"https:\/\/www.logisdescordeliers.com\/en\/city-of-condom\/\"]}]},{\"@type\":\"BreadcrumbList\",\"@id\":\"https:\/\/www.logisdescordeliers.com\/en\/city-of-condom\/#breadcrumb\",\"itemListElement\":[{\"@type\":\"ListItem\",\"position\":1,\"name\":\"Accueil\",\"item\":\"https:\/\/www.logisdescordeliers.com\/en\/home\/\"},{\"@type\":\"ListItem\",\"position\":2,\"name\":\"City of Condom\"}]},{\"@type\":\"WebSite\",\"@id\":\"https:\/\/www.logisdescordeliers.com\/en\/#website\",\"url\":\"https:\/\/www.logisdescordeliers.com\/en\/\",\"name\":\"AMOVY - A.M.O et Relation clients\",\"description\":\"H\u00f4tel 2 \u00e9toiles \u00e0 Condom\",\"publisher\":{\"@id\":\"https:\/\/www.logisdescordeliers.com\/en\/#organization\"},\"potentialAction\":[{\"@type\":\"SearchAction\",\"target\":{\"@type\":\"EntryPoint\",\"urlTemplate\":\"https:\/\/www.logisdescordeliers.com\/en\/?s={search_term_string}\"},\"query-input\":{\"@type\":\"PropertyValueSpecification\",\"valueRequired\":true,\"valueName\":\"search_term_string\"}}],\"inLanguage\":\"en-US\"},{\"@type\":\"Organization\",\"@id\":\"https:\/\/www.logisdescordeliers.com\/en\/#organization\",\"name\":\"AMOVY\",\"url\":\"https:\/\/www.logisdescordeliers.com\/en\/\",\"logo\":{\"@type\":\"ImageObject\",\"inLanguage\":\"en-US\",\"@id\":\"https:\/\/www.logisdescordeliers.com\/en\/#\/schema\/logo\/image\/\",\"url\":\"https:\/\/www.logisdescordeliers.com\/wp-content\/uploads\/2023\/01\/logo-1.png\",\"contentUrl\":\"https:\/\/www.logisdescordeliers.com\/wp-content\/uploads\/2023\/01\/logo-1.png\",\"width\":916,\"height\":276,\"caption\":\"AMOVY\"},\"image\":{\"@id\":\"https:\/\/www.logisdescordeliers.com\/en\/#\/schema\/logo\/image\/\"}}]}<\/script>\n<!-- \/ Yoast SEO plugin. -->","yoast_head_json":{"title":"City of Condom in the Gers","description":"City of Condom in the Gers, Gascony, France.","robots":{"index":"index","follow":"follow","max-snippet":"max-snippet:-1","max-image-preview":"max-image-preview:large","max-video-preview":"max-video-preview:-1"},"canonical":"https:\/\/www.logisdescordeliers.com\/en\/city-of-condom\/","og_locale":"en_US","og_type":"article","og_title":"City of Condom in the Gers","og_description":"City of Condom in the Gers, Gascony, France.","og_url":"https:\/\/www.logisdescordeliers.com\/en\/city-of-condom\/","og_site_name":"Le logis des cordeliers","article_modified_time":"2024-10-17T13:22:31+00:00","twitter_card":"summary_large_image","schema":{"@context":"https:\/\/schema.org","@graph":[{"@type":"WebPage","@id":"https:\/\/www.logisdescordeliers.com\/en\/city-of-condom\/","url":"https:\/\/www.logisdescordeliers.com\/en\/city-of-condom\/","name":"City of Condom in the Gers","isPartOf":{"@id":"https:\/\/www.logisdescordeliers.com\/en\/#website"},"datePublished":"2023-05-01T16:56:31+00:00","dateModified":"2024-10-17T13:22:31+00:00","description":"City of Condom in the Gers, Gascony, France.","breadcrumb":{"@id":"https:\/\/www.logisdescordeliers.com\/en\/city-of-condom\/#breadcrumb"},"inLanguage":"en-US","potentialAction":[{"@type":"ReadAction","target":["https:\/\/www.logisdescordeliers.com\/en\/city-of-condom\/"]}]},{"@type":"BreadcrumbList","@id":"https:\/\/www.logisdescordeliers.com\/en\/city-of-condom\/#breadcrumb","itemListElement":[{"@type":"ListItem","position":1,"name":"Accueil","item":"https:\/\/www.logisdescordeliers.com\/en\/home\/"},{"@type":"ListItem","position":2,"name":"City of Condom"}]},{"@type":"WebSite","@id":"https:\/\/www.logisdescordeliers.com\/en\/#website","url":"https:\/\/www.logisdescordeliers.com\/en\/","name":"AMOVY - A.M.O et Relation clients","description":"H\u00f4tel 2 \u00e9toiles \u00e0 Condom","publisher":{"@id":"https:\/\/www.logisdescordeliers.com\/en\/#organization"},"potentialAction":[{"@type":"SearchAction","target":{"@type":"EntryPoint","urlTemplate":"https:\/\/www.logisdescordeliers.com\/en\/?s={search_term_string}"},"query-input":{"@type":"PropertyValueSpecification","valueRequired":true,"valueName":"search_term_string"}}],"inLanguage":"en-US"},{"@type":"Organization","@id":"https:\/\/www.logisdescordeliers.com\/en\/#organization","name":"AMOVY","url":"https:\/\/www.logisdescordeliers.com\/en\/","logo":{"@type":"ImageObject","inLanguage":"en-US","@id":"https:\/\/www.logisdescordeliers.com\/en\/#\/schema\/logo\/image\/","url":"https:\/\/www.logisdescordeliers.com\/wp-content\/uploads\/2023\/01\/logo-1.png","contentUrl":"https:\/\/www.logisdescordeliers.com\/wp-content\/uploads\/2023\/01\/logo-1.png","width":916,"height":276,"caption":"AMOVY"},"image":{"@id":"https:\/\/www.logisdescordeliers.com\/en\/#\/schema\/logo\/image\/"}}]}},"_links":{"self":[{"href":"https:\/\/www.logisdescordeliers.com\/en\/wp-json\/wp\/v2\/pages\/608","targetHints":{"allow":["GET"]}}],"collection":[{"href":"https:\/\/www.logisdescordeliers.com\/en\/wp-json\/wp\/v2\/pages"}],"about":[{"href":"https:\/\/www.logisdescordeliers.com\/en\/wp-json\/wp\/v2\/types\/page"}],"author":[{"embeddable":true,"href":"https:\/\/www.logisdescordeliers.com\/en\/wp-json\/wp\/v2\/users\/1"}],"replies":[{"embeddable":true,"href":"https:\/\/www.logisdescordeliers.com\/en\/wp-json\/wp\/v2\/comments?post=608"}],"version-history":[{"count":8,"href":"https:\/\/www.logisdescordeliers.com\/en\/wp-json\/wp\/v2\/pages\/608\/revisions"}],"predecessor-version":[{"id":696,"href":"https:\/\/www.logisdescordeliers.com\/en\/wp-json\/wp\/v2\/pages\/608\/revisions\/696"}],"wp:attachment":[{"href":"https:\/\/www.logisdescordeliers.com\/en\/wp-json\/wp\/v2\/media?parent=608"}],"curies":[{"name":"wp","href":"https:\/\/api.w.org\/{rel}","templated":true}]}}