{"id":614,"date":"2023-05-01T16:56:01","date_gmt":"2023-05-01T16:56:01","guid":{"rendered":"https:\/\/www.logisdescordeliers.com\/the-hotel\/"},"modified":"2024-10-17T11:55:46","modified_gmt":"2024-10-17T11:55:46","slug":"the-hotel","status":"publish","type":"page","link":"https:\/\/www.logisdescordeliers.com\/en\/the-hotel\/","title":{"rendered":"The hotel"},"content":{"rendered":"<div class=\"wpb-content-wrapper\"><p>[vc_row css=&#8221;.vc_custom_1683629068266{margin-top: -40px !important;margin-right: -50px !important;margin-left: -50px !important;}&#8221; woodmart_css_id=&#8221;645a23fac28f2&#8243; responsive_spacing=&#8221;eyJwYXJhbV90eXBlIjoid29vZG1hcnRfcmVzcG9uc2l2ZV9zcGFjaW5nIiwic2VsZWN0b3JfaWQiOiI2NDVhMjNmYWMyOGYyIiwic2hvcnRjb2RlIjoidmNfcm93IiwiZGF0YSI6eyJ0YWJsZXQiOnt9LCJtb2JpbGUiOnt9fX0=&#8221; mobile_bg_img_hidden=&#8221;no&#8221; tablet_bg_img_hidden=&#8221;no&#8221; woodmart_parallax=&#8221;0&#8243; woodmart_gradient_switch=&#8221;no&#8221; woodmart_box_shadow=&#8221;no&#8221; wd_z_index=&#8221;no&#8221; woodmart_disable_overflow=&#8221;0&#8243; row_reverse_mobile=&#8221;0&#8243; row_reverse_tablet=&#8221;0&#8243;][vc_column][vc_single_image image=&#8221;484&#8243; img_size=&#8221;full&#8221; parallax_scroll=&#8221;no&#8221; woodmart_inline=&#8221;no&#8221;][\/vc_column][\/vc_row][vc_row woodmart_css_id=&#8221;6477264875145&#8243; responsive_spacing=&#8221;eyJwYXJhbV90eXBlIjoid29vZG1hcnRfcmVzcG9uc2l2ZV9zcGFjaW5nIiwic2VsZWN0b3JfaWQiOiI2NDc3MjY0ODc1MTQ1Iiwic2hvcnRjb2RlIjoidmNfcm93IiwiZGF0YSI6eyJ0YWJsZXQiOnt9LCJtb2JpbGUiOnt9fX0=&#8221; mobile_bg_img_hidden=&#8221;no&#8221; tablet_bg_img_hidden=&#8221;no&#8221; woodmart_parallax=&#8221;0&#8243; woodmart_gradient_switch=&#8221;no&#8221; woodmart_box_shadow=&#8221;no&#8221; wd_z_index=&#8221;no&#8221; woodmart_disable_overflow=&#8221;0&#8243; row_reverse_mobile=&#8221;0&#8243; row_reverse_tablet=&#8221;0&#8243;][vc_column width=&#8221;1\/6&#8243;][\/vc_column][vc_column width=&#8221;2\/3&#8243;][vc_column_text woodmart_inline=&#8221;no&#8221; text_larger=&#8221;no&#8221;]<\/p>\n<h1>Your <strong>hotel in Condom <\/strong> <\/h1>\n<p>  The hotel&#8217;s rooms overlook either a quiet side street or the garden and swimming pool. A totel of 21 rooms, single, double or triple with private bathroom, direct phone, TV, free wifi access.[\/vc_column_text]<div id=\"wd-6477819055570\" class=\" wd-rs-6477819055570 vc_custom_1685553560975 wd-button-wrapper woodmart-button-wrapper text-center inline-element\"><a href=\"https:\/\/www.logisdescordeliers.com\/en\/bookings-rates\/\" title=\"Booking &amp; rates\" class=\"btn btn-color-primary btn-style-default btn-style-semi-round btn-size-default\">Book your room<\/a><\/div>[\/vc_column][vc_column width=&#8221;1\/6&#8243;][\/vc_column][\/vc_row][vc_row woodmart_css_id=&#8221;647727408a106&#8243; responsive_spacing=&#8221;eyJwYXJhbV90eXBlIjoid29vZG1hcnRfcmVzcG9uc2l2ZV9zcGFjaW5nIiwic2VsZWN0b3JfaWQiOiI2NDc3Mjc0MDhhMTA2Iiwic2hvcnRjb2RlIjoidmNfcm93IiwiZGF0YSI6eyJ0YWJsZXQiOnt9LCJtb2JpbGUiOnt9fX0=&#8221; mobile_bg_img_hidden=&#8221;no&#8221; tablet_bg_img_hidden=&#8221;no&#8221; woodmart_parallax=&#8221;0&#8243; woodmart_gradient_switch=&#8221;no&#8221; woodmart_box_shadow=&#8221;no&#8221; wd_z_index=&#8221;no&#8221; woodmart_disable_overflow=&#8221;0&#8243; row_reverse_mobile=&#8221;0&#8243; row_reverse_tablet=&#8221;0&#8243; css=&#8221;.vc_custom_1685530440129{padding-bottom: 50px !important;}&#8221;][vc_column][vc_media_grid element_width=&#8221;3&#8243; gap=&#8221;15&#8243; grid_id=&#8221;vc_gid:1685613528181-d46612f9-8693-7&#8243; include=&#8221;556,555,494,495,501,500,498,553,507,492,506,504,503,643,496,505&#8243;][\/vc_column][\/vc_row][vc_row css=&#8221;.vc_custom_1683632444687{margin-right: -50px !important;margin-left: -50px !important;}&#8221; woodmart_css_id=&#8221;645a31328cc18&#8243; responsive_spacing=&#8221;eyJwYXJhbV90eXBlIjoid29vZG1hcnRfcmVzcG9uc2l2ZV9zcGFjaW5nIiwic2VsZWN0b3JfaWQiOiI2NDVhMzEzMjhjYzE4Iiwic2hvcnRjb2RlIjoidmNfcm93IiwiZGF0YSI6eyJ0YWJsZXQiOnt9LCJtb2JpbGUiOnt9fX0=&#8221; mobile_bg_img_hidden=&#8221;no&#8221; tablet_bg_img_hidden=&#8221;no&#8221; woodmart_parallax=&#8221;0&#8243; woodmart_gradient_switch=&#8221;no&#8221; woodmart_box_shadow=&#8221;no&#8221; wd_z_index=&#8221;no&#8221; woodmart_disable_overflow=&#8221;0&#8243; row_reverse_mobile=&#8221;0&#8243; row_reverse_tablet=&#8221;0&#8243;][vc_column][vc_raw_html css=&#8221;.vc_custom_1685555385809{margin-top: -35px !important;}&#8221;]PGlmcmFtZSBzcmM9Imh0dHBzOi8vd3d3Lmdvb2dsZS5jb20vbWFwcy9lbWJlZD9wYj0hMW0xNCExbTghMW0zITFkMTE0ODguODc1MjMyODg5MDUxITJkMC4zNzM3NzAzITNkNDMuOTU0ODM4NiEzbTIhMWkxMDI0ITJpNzY4ITRmMTMuMSEzbTMhMW0yITFzMHgxMmFhM2NhN2E5NjBjNDE1JTNBMHhiMzk5ODkwZTE4YzRhYTU3ITJzSCVDMyVCNHRlbCUyMExlJTIwTG9naXMlMjBkZXMlMjBDb3JkZWxpZXJzITVlMCEzbTIhMXNmciEyc2ZyITR2MTY4MzYzMTg4MDIyNyE1bTIhMXNmciEyc2ZyIiB3aWR0aD0iMTAwJSIgaGVpZ2h0PSI1MDAiIHN0eWxlPSJib3JkZXI6MDsiIGFsbG93ZnVsbHNjcmVlbj0iIiBsb2FkaW5nPSJsYXp5IiByZWZlcnJlcnBvbGljeT0ibm8tcmVmZXJyZXItd2hlbi1kb3duZ3JhZGUiPjwvaWZyYW1lPg==[\/vc_raw_html][\/vc_column][\/vc_row]<\/p>\n<\/div>","protected":false},"excerpt":{"rendered":"<p>[vc_row css=&#8221;.vc_custom_1683629068266{margin-top: -40px !important;margin-right: -50px !important;margin-left: -50px !important;}&#8221; woodmart_css_id=&#8221;645a23fac28f2&#8243; responsive_spacing=&#8221;eyJwYXJhbV90eXBlIjoid29vZG1hcnRfcmVzcG9uc2l2ZV9zcGFjaW5nIiwic2VsZWN0b3JfaWQiOiI2NDVhMjNmYWMyOGYyIiwic2hvcnRjb2RlIjoidmNfcm93IiwiZGF0YSI6eyJ0YWJsZXQiOnt9LCJtb2JpbGUiOnt9fX0=&#8221; mobile_bg_img_hidden=&#8221;no&#8221; tablet_bg_img_hidden=&#8221;no&#8221; woodmart_parallax=&#8221;0&#8243; woodmart_gradient_switch=&#8221;no&#8221; woodmart_box_shadow=&#8221;no&#8221; wd_z_index=&#8221;no&#8221; woodmart_disable_overflow=&#8221;0&#8243; row_reverse_mobile=&#8221;0&#8243; row_reverse_tablet=&#8221;0&#8243;][vc_column][vc_single_image image=&#8221;484&#8243;<\/p>\n","protected":false},"author":1,"featured_media":0,"parent":0,"menu_order":0,"comment_status":"closed","ping_status":"closed","template":"","meta":{"footnotes":""},"class_list":["post-614","page","type-page","status-publish","hentry"],"acf":[],"yoast_head":"<!-- This site is optimized with the Yoast SEO plugin v23.6 - https:\/\/yoast.com\/wordpress\/plugins\/seo\/ -->\n<title>The rooms - Logis des Cordeliers<\/title>\n<meta name=\"description\" content=\"Hotel in Condom with garden view and pool. Rommes for three and four people\" \/>\n<meta name=\"robots\" content=\"index, follow, max-snippet:-1, max-image-preview:large, max-video-preview:-1\" \/>\n<link rel=\"canonical\" href=\"https:\/\/www.logisdescordeliers.com\/en\/the-hotel\/\" \/>\n<meta property=\"og:locale\" content=\"en_US\" \/>\n<meta property=\"og:type\" content=\"article\" \/>\n<meta property=\"og:title\" content=\"The rooms - Logis des Cordeliers\" \/>\n<meta property=\"og:description\" content=\"Hotel in Condom with garden view and pool. Rommes for three and four people\" \/>\n<meta property=\"og:url\" content=\"https:\/\/www.logisdescordeliers.com\/en\/the-hotel\/\" \/>\n<meta property=\"og:site_name\" content=\"Le logis des cordeliers\" \/>\n<meta property=\"article:modified_time\" content=\"2024-10-17T11:55:46+00:00\" \/>\n<meta name=\"twitter:card\" content=\"summary_large_image\" \/>\n<script type=\"application\/ld+json\" class=\"yoast-schema-graph\">{\"@context\":\"https:\/\/schema.org\",\"@graph\":[{\"@type\":\"WebPage\",\"@id\":\"https:\/\/www.logisdescordeliers.com\/en\/the-hotel\/\",\"url\":\"https:\/\/www.logisdescordeliers.com\/en\/the-hotel\/\",\"name\":\"The rooms - Logis des Cordeliers\",\"isPartOf\":{\"@id\":\"https:\/\/www.logisdescordeliers.com\/en\/#website\"},\"datePublished\":\"2023-05-01T16:56:01+00:00\",\"dateModified\":\"2024-10-17T11:55:46+00:00\",\"description\":\"Hotel in Condom with garden view and pool. Rommes for three and four people\",\"breadcrumb\":{\"@id\":\"https:\/\/www.logisdescordeliers.com\/en\/the-hotel\/#breadcrumb\"},\"inLanguage\":\"en-US\",\"potentialAction\":[{\"@type\":\"ReadAction\",\"target\":[\"https:\/\/www.logisdescordeliers.com\/en\/the-hotel\/\"]}]},{\"@type\":\"BreadcrumbList\",\"@id\":\"https:\/\/www.logisdescordeliers.com\/en\/the-hotel\/#breadcrumb\",\"itemListElement\":[{\"@type\":\"ListItem\",\"position\":1,\"name\":\"Accueil\",\"item\":\"https:\/\/www.logisdescordeliers.com\/en\/home\/\"},{\"@type\":\"ListItem\",\"position\":2,\"name\":\"The hotel\"}]},{\"@type\":\"WebSite\",\"@id\":\"https:\/\/www.logisdescordeliers.com\/en\/#website\",\"url\":\"https:\/\/www.logisdescordeliers.com\/en\/\",\"name\":\"AMOVY - A.M.O et Relation clients\",\"description\":\"H\u00f4tel 2 \u00e9toiles \u00e0 Condom\",\"publisher\":{\"@id\":\"https:\/\/www.logisdescordeliers.com\/en\/#organization\"},\"potentialAction\":[{\"@type\":\"SearchAction\",\"target\":{\"@type\":\"EntryPoint\",\"urlTemplate\":\"https:\/\/www.logisdescordeliers.com\/en\/?s={search_term_string}\"},\"query-input\":{\"@type\":\"PropertyValueSpecification\",\"valueRequired\":true,\"valueName\":\"search_term_string\"}}],\"inLanguage\":\"en-US\"},{\"@type\":\"Organization\",\"@id\":\"https:\/\/www.logisdescordeliers.com\/en\/#organization\",\"name\":\"AMOVY\",\"url\":\"https:\/\/www.logisdescordeliers.com\/en\/\",\"logo\":{\"@type\":\"ImageObject\",\"inLanguage\":\"en-US\",\"@id\":\"https:\/\/www.logisdescordeliers.com\/en\/#\/schema\/logo\/image\/\",\"url\":\"https:\/\/www.logisdescordeliers.com\/wp-content\/uploads\/2023\/01\/logo-1.png\",\"contentUrl\":\"https:\/\/www.logisdescordeliers.com\/wp-content\/uploads\/2023\/01\/logo-1.png\",\"width\":916,\"height\":276,\"caption\":\"AMOVY\"},\"image\":{\"@id\":\"https:\/\/www.logisdescordeliers.com\/en\/#\/schema\/logo\/image\/\"}}]}<\/script>\n<!-- \/ Yoast SEO plugin. -->","yoast_head_json":{"title":"The rooms - Logis des Cordeliers","description":"Hotel in Condom with garden view and pool. Rommes for three and four people","robots":{"index":"index","follow":"follow","max-snippet":"max-snippet:-1","max-image-preview":"max-image-preview:large","max-video-preview":"max-video-preview:-1"},"canonical":"https:\/\/www.logisdescordeliers.com\/en\/the-hotel\/","og_locale":"en_US","og_type":"article","og_title":"The rooms - Logis des Cordeliers","og_description":"Hotel in Condom with garden view and pool. Rommes for three and four people","og_url":"https:\/\/www.logisdescordeliers.com\/en\/the-hotel\/","og_site_name":"Le logis des cordeliers","article_modified_time":"2024-10-17T11:55:46+00:00","twitter_card":"summary_large_image","schema":{"@context":"https:\/\/schema.org","@graph":[{"@type":"WebPage","@id":"https:\/\/www.logisdescordeliers.com\/en\/the-hotel\/","url":"https:\/\/www.logisdescordeliers.com\/en\/the-hotel\/","name":"The rooms - Logis des Cordeliers","isPartOf":{"@id":"https:\/\/www.logisdescordeliers.com\/en\/#website"},"datePublished":"2023-05-01T16:56:01+00:00","dateModified":"2024-10-17T11:55:46+00:00","description":"Hotel in Condom with garden view and pool. Rommes for three and four people","breadcrumb":{"@id":"https:\/\/www.logisdescordeliers.com\/en\/the-hotel\/#breadcrumb"},"inLanguage":"en-US","potentialAction":[{"@type":"ReadAction","target":["https:\/\/www.logisdescordeliers.com\/en\/the-hotel\/"]}]},{"@type":"BreadcrumbList","@id":"https:\/\/www.logisdescordeliers.com\/en\/the-hotel\/#breadcrumb","itemListElement":[{"@type":"ListItem","position":1,"name":"Accueil","item":"https:\/\/www.logisdescordeliers.com\/en\/home\/"},{"@type":"ListItem","position":2,"name":"The hotel"}]},{"@type":"WebSite","@id":"https:\/\/www.logisdescordeliers.com\/en\/#website","url":"https:\/\/www.logisdescordeliers.com\/en\/","name":"AMOVY - A.M.O et Relation clients","description":"H\u00f4tel 2 \u00e9toiles \u00e0 Condom","publisher":{"@id":"https:\/\/www.logisdescordeliers.com\/en\/#organization"},"potentialAction":[{"@type":"SearchAction","target":{"@type":"EntryPoint","urlTemplate":"https:\/\/www.logisdescordeliers.com\/en\/?s={search_term_string}"},"query-input":{"@type":"PropertyValueSpecification","valueRequired":true,"valueName":"search_term_string"}}],"inLanguage":"en-US"},{"@type":"Organization","@id":"https:\/\/www.logisdescordeliers.com\/en\/#organization","name":"AMOVY","url":"https:\/\/www.logisdescordeliers.com\/en\/","logo":{"@type":"ImageObject","inLanguage":"en-US","@id":"https:\/\/www.logisdescordeliers.com\/en\/#\/schema\/logo\/image\/","url":"https:\/\/www.logisdescordeliers.com\/wp-content\/uploads\/2023\/01\/logo-1.png","contentUrl":"https:\/\/www.logisdescordeliers.com\/wp-content\/uploads\/2023\/01\/logo-1.png","width":916,"height":276,"caption":"AMOVY"},"image":{"@id":"https:\/\/www.logisdescordeliers.com\/en\/#\/schema\/logo\/image\/"}}]}},"_links":{"self":[{"href":"https:\/\/www.logisdescordeliers.com\/en\/wp-json\/wp\/v2\/pages\/614","targetHints":{"allow":["GET"]}}],"collection":[{"href":"https:\/\/www.logisdescordeliers.com\/en\/wp-json\/wp\/v2\/pages"}],"about":[{"href":"https:\/\/www.logisdescordeliers.com\/en\/wp-json\/wp\/v2\/types\/page"}],"author":[{"embeddable":true,"href":"https:\/\/www.logisdescordeliers.com\/en\/wp-json\/wp\/v2\/users\/1"}],"replies":[{"embeddable":true,"href":"https:\/\/www.logisdescordeliers.com\/en\/wp-json\/wp\/v2\/comments?post=614"}],"version-history":[{"count":5,"href":"https:\/\/www.logisdescordeliers.com\/en\/wp-json\/wp\/v2\/pages\/614\/revisions"}],"predecessor-version":[{"id":692,"href":"https:\/\/www.logisdescordeliers.com\/en\/wp-json\/wp\/v2\/pages\/614\/revisions\/692"}],"wp:attachment":[{"href":"https:\/\/www.logisdescordeliers.com\/en\/wp-json\/wp\/v2\/media?parent=614"}],"curies":[{"name":"wp","href":"https:\/\/api.w.org\/{rel}","templated":true}]}}